{"id":2545,"date":"2019-01-17T16:00:21","date_gmt":"2019-01-17T15:00:21","guid":{"rendered":"https:\/\/www.solerpalau.com\/blog\/?page_id=2545"},"modified":"2021-06-09T07:20:29","modified_gmt":"2021-06-09T05:20:29","slug":"home","status":"publish","type":"page","link":"https:\/\/www.solerpalau.com\/blog\/fr-fr\/","title":{"rendered":"Home"},"content":{"rendered":"","protected":false},"excerpt":{"rendered":"","protected":false},"author":10,"featured_media":0,"parent":0,"menu_order":0,"comment_status":"closed","ping_status":"closed","template":"","meta":{"_acf_changed":false,"footnotes":""},"class_list":["post-2545","page","type-page","status-publish","hentry"],"acf":[],"yoast_head":"<!-- This site is optimized with the Yoast SEO plugin v26.1 - https:\/\/yoast.com\/wordpress\/plugins\/seo\/ -->\n<title>Home - S&amp;P Syst\u00e8mes de Ventilation<\/title>\n<meta name=\"description\" content=\"S&amp;P es l\u00edder mundial en sistemas de ventilaci\u00f3n para entornos dom\u00e9sticos, comerciales e industriales.\" \/>\n<meta name=\"robots\" content=\"index, follow, max-snippet:-1, max-image-preview:large, max-video-preview:-1\" \/>\n<link rel=\"canonical\" href=\"https:\/\/www.solerpalau.com\/blog\/fr-fr\/\" \/>\n<meta property=\"og:locale\" content=\"fr_FR\" \/>\n<meta property=\"og:type\" content=\"article\" \/>\n<meta property=\"og:title\" content=\"Home - S&amp;P Syst\u00e8mes de Ventilation\" \/>\n<meta property=\"og:description\" content=\"S&amp;P es l\u00edder mundial en sistemas de ventilaci\u00f3n para entornos dom\u00e9sticos, comerciales e industriales.\" \/>\n<meta property=\"og:url\" content=\"https:\/\/www.solerpalau.com\/blog\/fr-fr\/\" \/>\n<meta property=\"og:site_name\" content=\"S&amp;P Syst\u00e8mes de Ventilation\" \/>\n<meta property=\"article:modified_time\" content=\"2021-06-09T05:20:29+00:00\" \/>\n<meta name=\"twitter:card\" content=\"summary_large_image\" \/>\n<!-- \/ Yoast SEO plugin. -->","yoast_head_json":{"title":"Home - S&amp;P Syst\u00e8mes de Ventilation","description":"S&P es l\u00edder mundial en sistemas de ventilaci\u00f3n para entornos dom\u00e9sticos, comerciales e industriales.","robots":{"index":"index","follow":"follow","max-snippet":"max-snippet:-1","max-image-preview":"max-image-preview:large","max-video-preview":"max-video-preview:-1"},"canonical":"https:\/\/www.solerpalau.com\/blog\/fr-fr\/","og_locale":"fr_FR","og_type":"article","og_title":"Home - S&amp;P Syst\u00e8mes de Ventilation","og_description":"S&P es l\u00edder mundial en sistemas de ventilaci\u00f3n para entornos dom\u00e9sticos, comerciales e industriales.","og_url":"https:\/\/www.solerpalau.com\/blog\/fr-fr\/","og_site_name":"S&amp;P Syst\u00e8mes de Ventilation","article_modified_time":"2021-06-09T05:20:29+00:00","twitter_card":"summary_large_image","schema":{"@context":"https:\/\/schema.org","@graph":[{"@type":"WebPage","@id":"https:\/\/www.solerpalau.com\/blog\/fr-fr\/","url":"https:\/\/www.solerpalau.com\/blog\/fr-fr\/","name":"Home - S&amp;P Syst\u00e8mes de Ventilation","isPartOf":{"@id":"https:\/\/www.solerpalau.com\/blog\/fr-fr\/#website"},"datePublished":"2019-01-17T15:00:21+00:00","dateModified":"2021-06-09T05:20:29+00:00","description":"S&P es l\u00edder mundial en sistemas de ventilaci\u00f3n para entornos dom\u00e9sticos, comerciales e industriales.","breadcrumb":{"@id":"https:\/\/www.solerpalau.com\/blog\/fr-fr\/#breadcrumb"},"inLanguage":"fr-FR","potentialAction":[{"@type":"ReadAction","target":["https:\/\/www.solerpalau.com\/blog\/fr-fr\/"]}]},{"@type":"BreadcrumbList","@id":"https:\/\/www.solerpalau.com\/blog\/fr-fr\/#breadcrumb","itemListElement":[{"@type":"ListItem","position":1,"name":"Accueil","item":"https:\/\/www.solerpalau.com\/blog\/fr-fr\/"},{"@type":"ListItem","position":2,"name":"Home"}]},{"@type":"WebSite","@id":"https:\/\/www.solerpalau.com\/blog\/fr-fr\/#website","url":"https:\/\/www.solerpalau.com\/blog\/fr-fr\/","name":"S&amp;P Syst\u00e8mes de Ventilation","description":"Le Blog de la Ventilation Efficace","potentialAction":[{"@type":"SearchAction","target":{"@type":"EntryPoint","urlTemplate":"https:\/\/www.solerpalau.com\/blog\/fr-fr\/?s={search_term_string}"},"query-input":{"@type":"PropertyValueSpecification","valueRequired":true,"valueName":"search_term_string"}}],"inLanguage":"fr-FR"}]}},"_links":{"self":[{"href":"https:\/\/www.solerpalau.com\/blog\/fr-fr\/wp-json\/wp\/v2\/pages\/2545","targetHints":{"allow":["GET"]}}],"collection":[{"href":"https:\/\/www.solerpalau.com\/blog\/fr-fr\/wp-json\/wp\/v2\/pages"}],"about":[{"href":"https:\/\/www.solerpalau.com\/blog\/fr-fr\/wp-json\/wp\/v2\/types\/page"}],"author":[{"embeddable":true,"href":"https:\/\/www.solerpalau.com\/blog\/fr-fr\/wp-json\/wp\/v2\/users\/10"}],"replies":[{"embeddable":true,"href":"https:\/\/www.solerpalau.com\/blog\/fr-fr\/wp-json\/wp\/v2\/comments?post=2545"}],"version-history":[{"count":13,"href":"https:\/\/www.solerpalau.com\/blog\/fr-fr\/wp-json\/wp\/v2\/pages\/2545\/revisions"}],"predecessor-version":[{"id":3772,"href":"https:\/\/www.solerpalau.com\/blog\/fr-fr\/wp-json\/wp\/v2\/pages\/2545\/revisions\/3772"}],"wp:attachment":[{"href":"https:\/\/www.solerpalau.com\/blog\/fr-fr\/wp-json\/wp\/v2\/media?parent=2545"}],"curies":[{"name":"wp","href":"https:\/\/api.w.org\/{rel}","templated":true}]}}